{"id":16,"date":"2024-06-18T11:38:07","date_gmt":"2024-06-18T11:38:07","guid":{"rendered":"https:\/\/bemus-gewerbebau.de\/?page_id=16"},"modified":"2024-06-18T11:38:07","modified_gmt":"2024-06-18T11:38:07","slug":"datenschutzerklaerung","status":"publish","type":"page","link":"https:\/\/bemus-gewerbebau.de\/index.php\/datenschutzerklaerung\/","title":{"rendered":"Datenschutzerkl\u00e4rung"},"content":{"rendered":"\n<h4 class=\"wp-block-heading\">Geltungsbereich<\/h4>\n\n\n\n<p>Diese Datenschutzerkl\u00e4rung kl\u00e4rt Nutzer \u00fcber die Art, den Umfang und Zwecke der Erhebung und Verwendung personenbezogener Daten durch den verantwortlichen Anbieter<\/p>\n\n\n\n<p><strong>Bemus GmbH&nbsp;<\/strong><br>Rheinstra\u00dfe 3&nbsp;<br>56281 Karbach<\/p>\n\n\n\n<p>Telefon: +49 (0) 6747 \/ 944 66 40<br>Fax: +49 (0) 6747 \/ 944 66 44<br><a href=\"mailto:info@bemus-gewerbebau.de\">E-Mail schreiben<\/a><\/p>\n\n\n\n<p>auf dieser Website (im folgenden \u201cAngebot\u201d) auf. Die rechtlichen Grundlagen des Datenschutzes finden sich im Bundesdatenschutzgesetz (BDSG) und dem Telemediengesetz (TMG).a<\/p>\n\n\n\n<h4 class=\"wp-block-heading\">Zugriffsdaten\/ Server-Logfiles<\/h4>\n\n\n\n<p>Der Anbieter (beziehungsweise sein Webspace-Provider) erhebt Daten \u00fcber jeden Zugriff auf das Angebot (so genannte Serverlogfiles) f\u00fcr statistische Auswertungen zum Zweck des Betriebs, der Sicherheit und der Optimierung des Angebotes. Zu den Zugriffsdaten geh\u00f6ren:<\/p>\n\n\n\n<ul class=\"wp-block-list\">\n<li>Name der aufgerufenen Webseite<\/li>\n\n\n\n<li>Datum und Uhrzeit der Serveranfrage<\/li>\n\n\n\n<li>Browsertyp und Browserversion<\/li>\n\n\n\n<li>verwendetes Betriebssystem<\/li>\n\n\n\n<li>IP-Adresse und der anfragende Provider.<\/li>\n\n\n\n<li>Referrer-URL (Internetadresse, der zuvor besuchten Seite)<\/li>\n\n\n\n<li>Name der abgerufenen Datei und \u00fcbertragene Datenmenge<\/li>\n\n\n\n<li>Meldung, ob der Abruf erfolgreich war<\/li>\n<\/ul>\n\n\n\n<p>Der Anbieter beh\u00e4lt sich vor, die Protokolldaten nachtr\u00e4glich zu \u00fcberpr\u00fcfen, wenn aufgrund konkreter Anhaltspunkte der berechtigte Verdacht einer rechtswidrigen Nutzung besteht. Eine Zusammenf\u00fchrung dieser Daten mit anderen Datenquellen wird nicht vorgenommen.<\/p>\n\n\n\n<p>Grundlage f\u00fcr die Datenverarbeitung ist Art. 6 Abs. 1 lit. b DSGVO, der die Verarbeitung von Daten zur Erf\u00fcllung eines Vertrags oder vorvertraglicher Ma\u00dfnahmen gestattet.<\/p>\n\n\n\n<p>Ein l\u00fcckenloser Schutz Ihrer Daten vor dem Zugriff durch Dritte kann bei der Daten\u00fcbertragung im Internet (z.B. E-Mail Kommunikation) durch m\u00f6gliche Sicherheitsl\u00fccken nicht gew\u00e4hrleistet werden.<\/p>\n\n\n\n<h4 class=\"wp-block-heading\">Umgang mit personenbezogenen Daten<\/h4>\n\n\n\n<p>Bei der Nutzung der Webseite werden vertrauliche, personenbezogene Daten erhoben, die eine pers\u00f6nliche Identifizierung erm\u00f6glichen k\u00f6nnen. Hierunter fallen beispielsweise Name, Telefonnummer, Anschrift, sowie s\u00e4mtliche Daten, die Sie uns bei der Registrierung, Zahlungsabwicklung, Durchf\u00fchrung eines Vertrages und beim Anlegen Ihres Kundenkontos \u00fcbermitteln.<\/p>\n\n\n\n<h4 class=\"wp-block-heading\">SSL-Verschl\u00fcsselung<\/h4>\n\n\n\n<p>Um die Sicherheit Ihrer pers\u00f6nlichen Daten bei \u00dcbertragung zu sch\u00fctzen, benutzen wir eine SSL-Verschl\u00fcsselung (Secure Socket Layer).<\/p>\n\n\n\n<h4 class=\"wp-block-heading\">Cookies<\/h4>\n\n\n\n<p>Cookies sind kleine Textdateien, die es erm\u00f6glichen, auf dem Zugriffsger\u00e4t der Nutzer spezifische, auf das Ger\u00e4t bezogene Informationen zu speichern. Sie dienen zum einem der Benutzerfreundlichkeit von Webseiten und damit den Nutzern (z.B. Speicherung von Logindaten). Zum anderen dienen sie, um die statistischen Daten der Webseitennutzung zu erfassen und sie zwecks Verbesserung des Angebotes analysieren zu k\u00f6nnen. Grunds\u00e4tzlich unterscheidet man zwischen zwei verschiedenen Arten von Cookies, sogenannte Session-Cookies, die gel\u00f6scht werden, sobald Sie Ihren Browser schlie\u00dfen und Cookies, die bis zur L\u00f6schung durch Sie auf Ihrem Endger\u00e4t gespeichert werden. Die Nutzer k\u00f6nnen auf den Einsatz der Cookies Einfluss nehmen. Die meisten Browser verf\u00fcgen \u00fcber eine Option mit der das Speichern von Cookies eingeschr\u00e4nkt oder komplett verhindert werden kann. Jedoch weisen wir darauf hin, dass unsere Webseite und Service nur eingeschr\u00e4nkte funktioniert, wenn Sie den Einsatz von Cookies unterbinden.<\/p>\n\n\n\n<p>Cookies, die zur Durchf\u00fchrung des elektronischen Kommunikationsvorgangs oder zur Bereitstellung bestimmter, von Ihnen erw\u00fcnschter Funktionen (z.B. Warenkorbfunktion) erforderlich sind, werden auf Grundlage von Art. 6 Abs. 1 lit. f DSGVO gespeichert. Der Websitebetreiber hat ein berechtigtes Interesse an der Speicherung von Cookies zur technisch fehlerfreien und optimierten Bereitstellung seiner Dienste.<\/p>\n\n\n\n<p>Sie k\u00f6nnen viele Online-Anzeigen-Cookies von Unternehmen \u00fcber die US-amerikanische Seite&nbsp;<a href=\"http:\/\/www.aboutads.info\/choices\/\">aboutads.info<\/a>&nbsp;oder die EU-Seite&nbsp;<a href=\"http:\/\/www.youronlinechoices.com\/uk\/your-ad-choices\/\">youronlinechoices.com<\/a>&nbsp;verwalten.<\/p>\n\n\n\n<h4 class=\"wp-block-heading\">Google Analytics<\/h4>\n\n\n\n<p>Die Speicherung von Google-Analytics-Cookies erfolgt auf Grundlage von Art. 6 Abs. 1 lit. f DSGVO. Der Websitebetreiber hat ein berechtigtes Interesse an der Analyse des Nutzerverhaltens, um sowohl sein Webangebot als auch seine Werbung zielgerichtet zu optimieren.<\/p>\n\n\n\n<p>Dieses Angebot benutzt Google Analytics, einen Webanalysedienst der Google Inc. (\u201eGoogle\u201c). Google Analytics verwendet sog. \u201eCookies\u201c, Textdateien, die auf Computer der Nutzer gespeichert werden und die eine Analyse der Benutzung der Website durch sie erm\u00f6glichen. Die durch den Cookie erzeugten Informationen \u00fcber Benutzung dieser Website durch die Nutzer werden in der Regel an einen Server von Google in den USA \u00fcbertragen und dort gespeichert.<\/p>\n\n\n\n<p>Im Falle der Aktivierung der IP-Anonymisierung auf dieser Webseite, wird die IP-Adresse der Nutzer von Google jedoch innerhalb von Mitgliedstaaten der Europ\u00e4ischen Union oder in anderen Vertragsstaaten des Abkommens \u00fcber den Europ\u00e4ischen Wirtschaftsraum zuvor gek\u00fcrzt. Nur in Ausnahmef\u00e4llen wird die volle IP-Adresse an einen Server von Google in den USA \u00fcbertragen und dort gek\u00fcrzt. Die IP-Anonymisierung ist auf dieser Website aktiv. Im Auftrag des Betreibers dieser Website wird Google diese Informationen benutzen, um die Nutzung der Website durch die Nutzer auszuwerten, um Reports \u00fcber die Websiteaktivit\u00e4ten zusammenzustellen und um weitere mit der Websitenutzung und der Internetnutzung verbundene Dienstleistungen gegen\u00fcber dem Websitebetreiber zu erbringen.<\/p>\n\n\n\n<p>Die im Rahmen von Google Analytics von Ihrem Browser \u00fcbermittelte IP-Adresse wird nicht mit anderen Daten von Google zusammengef\u00fchrt. Die Nutzer k\u00f6nnen die Speicherung der Cookies durch eine entsprechende Einstellung Ihrer Browser-Software verhindern; Dieses Angebot weist die Nutzer jedoch darauf hin, dass Sie in diesem Fall gegebenenfalls nicht s\u00e4mtliche Funktionen dieser Website vollumf\u00e4nglich werden nutzen k\u00f6nnen. Die Nutzer k\u00f6nnen dar\u00fcber hinaus die Erfassung der durch das Cookie erzeugten und auf ihre Nutzung der Website bezogenen Daten (inkl. Ihrer IP-Adresse) an Google sowie die Verarbeitung dieser Daten durch Google verhindern, indem sie das unter dem folgenden Link verf\u00fcgbare Browser-Plugin herunterladen und installieren:&nbsp;<a href=\"https:\/\/tools.google.com\/dlpage\/gaoptout?hl=de\">http:\/\/tools.google.com\/dlpage\/gaoptout?hl=de<\/a>.<\/p>\n\n\n\n<p>Alternativ zum Browser-Add-On oder innerhalb von Browsern auf mobilen Ger\u00e4ten, klicken Sie bitte diesen&nbsp;<a href=\"javascript:gaOptout();\">Link<\/a>, um die Erfassung durch Google Analytics innerhalb dieser Website zuk\u00fcnftig zu verhindern. Dabei wird ein Opt-Out-Cookie auf Ihrem Ger\u00e4t abgelegt. L\u00f6schen Sie Ihre Cookies, m\u00fcssen Sie diesen Link erneut klicken.<\/p>\n\n\n\n<h4 class=\"wp-block-heading\">Verwendung von Webfonts<\/h4>\n\n\n\n<p>Auf diesen Internetseiten werden zur einheitlichen Darstellung von Schriftarten externe Schriften von Fonts.com verwendet. Beim Aufruf einer Seite l\u00e4dt Ihr Browser die ben\u00f6tigten Web Fonts in ihren Browsercache, um Texte und Schriftarten korrekt anzuzeigen.<\/p>\n\n\n\n<p>Zu diesem Zweck muss der von Ihnen verwendete Browser Verbindung zu den Servern von dem Webfont-Anbieter aufnehmen. Wenn ihr Browser diese Funktion nicht unterst\u00fctzt, wird eine Standardschrift von ihrem Computer zur Anzeige genutzt. Die Nutzung der Webfont erfolgt im Interesse einer einheitlichen und ansprechenden Darstellung unserer Online-Angebote. Dies stellt ein berechtigtes Interesse im Sinne von Art. 6 Abs. 1 lit. f DSGVO dar.<\/p>\n\n\n\n<p>Weitere Informationen zu Fonts.com finden Sie unter<br><a href=\"https:\/\/www.monotype.com\/legal\/privacy-policy\">https:\/\/www.monotype.com\/legal\/privacy-policy<\/a><\/p>\n\n\n\n<h4 class=\"wp-block-heading\">Einsatz von Java-Script<\/h4>\n\n\n\n<p>Auf dieser Website verwenden wir aktive Java-Script-Inhalte von externen Anbietern. Durch Aufruf unserer Internetseite erhalten diese externen Anbieter ggf. personenbezogene Informationen \u00fcber Ihren Besuch auf unserer Internetseite. Hierbei ist eine Verarbeitung von Daten au\u00dferhalb der EU m\u00f6glich. Sie k\u00f6nnen dies verhindern, indem Sie einen Java-Script-Blocker wie z.B. das Browser-Plugin &#8218;NoScript&#8216; installieren (<a href=\"https:\/\/noscript.net\/\">www.noscript.net<\/a>) oder java-Script in Ihrem Browser deaktivieren. Jedoch weisen wir darauf hin, dass unsere Webseite und Service nur eingeschr\u00e4nkte funktioniert, wenn Sie den Einsatz von Java-Script unterbinden.<\/p>\n\n\n\n<h4 class=\"wp-block-heading\">Einbindung von Diensten und Inhalten Dritter<\/h4>\n\n\n\n<p>Es kann vorkommen, dass innerhalb dieses Angebots Inhalte Dritter, wie zum Beispiel Videos von YouTube, Kartenmaterial von Google-Maps, RSS-Feeds oder Grafiken von anderen Webseiten eingebunden werden. Dies setzt immer voraus, dass die Anbieter dieser Inhalte (nachfolgend bezeichnet als &#8222;Dritt-Anbieter&#8220;) die IP-Adresse der Nutzer wahrnehmen. Denn ohne die IP-Adresse, k\u00f6nnten sie die Inhalte nicht an den Browser des jeweiligen Nutzers senden. Die IP-Adresse ist damit f\u00fcr die Darstellung dieser Inhalte erforderlich. Wir bem\u00fchen uns nur solche Inhalte zu verwenden, deren jeweilige Anbieter die IP-Adresse lediglich zur Auslieferung der Inhalte verwenden. Jedoch haben wir keinen Einfluss darauf, falls die Dritt-Anbieter die IP-Adresse z.B. f\u00fcr statistische Zwecke speichern. Soweit dies uns bekannt ist, kl\u00e4ren wir die Nutzer dar\u00fcber auf.<\/p>\n\n\n\n<h4 class=\"wp-block-heading\">Kontaktaufnahme<\/h4>\n\n\n\n<p>Bei der Kontaktaufnahme mit dem Anbieter (zum Beispiel per Kontaktformular oder E-Mail) werden die Angaben des Nutzers zwecks Bearbeitung der Anfrage sowie f\u00fcr den Fall, dass Anschlussfragen entstehen, gespeichert. Diese Daten werden nicht ohne Ihre Einwilligung weitergegeben.<\/p>\n\n\n\n<p>Die Verarbeitung Ihrer Daten, die Sie bei einer Kontaktaufnahme \u00fcbermitteln, erfolgt auf Grundlage Ihrer Einwilligung (Art. 6 Abs. 1 lit. a DSGVO). Ihre Einwilligung kann jederzeit widerrufen werden. Die Rechtm\u00e4\u00dfigkeit der bis zum Widerruf erfolgten Datenverarbeitungsvorg\u00e4nge bleibt vom Widerruf unber\u00fchrt.<\/p>\n\n\n\n<p>Solange keine Aufforderung zur Datenl\u00f6schung erfolgt, die Einwilligung zur Speicherung widerrufen wird oder der Zweck f\u00fcr die Datenspeicherung entf\u00e4llt, verbleiben die bei der Kontaktaufnahme \u00fcbermittelten Daten bei uns. Gesetzliche Aufbewahrungsfristen bleiben unber\u00fchrt.<\/p>\n\n\n\n<h4 class=\"wp-block-heading\">Widerruf, \u00c4nderungen, L\u00f6schung und Auskunftsrecht<\/h4>\n\n\n\n<p>Der Nutzer hat im Rahmen der geltenden gesetzlichen Bestimmungen das Recht, auf Antrag unentgeltlich Auskunft zu erhalten \u00fcber die personenbezogenen Daten, deren Herkunft und Empf\u00e4nger und den Zweck der Datenverarbeitung. Zus\u00e4tzlich hat der Nutzer das Recht auf<\/p>\n","protected":false},"excerpt":{"rendered":"<p>Geltungsbereich Diese Datenschutzerkl\u00e4rung kl\u00e4rt Nutzer \u00fcber die Art, den Umfang und Zwecke der Erhebung und Verwendung personenbezogener Daten durch den verantwortlichen Anbieter Bemus GmbH&nbsp;Rheinstra\u00dfe 3&nbsp;56281 Karbach Telefon: +49 (0) 6747 \/ 944 66 40Fax: +49 (0) 6747 \/ 944 66 44E-Mail schreiben auf dieser Website (im folgenden \u201cAngebot\u201d) auf. Die rechtlichen Grundlagen des Datenschutzes finden [&hellip;]<\/p>\n","protected":false},"author":1,"featured_media":0,"parent":0,"menu_order":0,"comment_status":"closed","ping_status":"closed","template":"","meta":{"footnotes":""},"class_list":["post-16","page","type-page","status-publish","hentry"],"_links":{"self":[{"href":"https:\/\/bemus-gewerbebau.de\/index.php\/wp-json\/wp\/v2\/pages\/16","targetHints":{"allow":["GET"]}}],"collection":[{"href":"https:\/\/bemus-gewerbebau.de\/index.php\/wp-json\/wp\/v2\/pages"}],"about":[{"href":"https:\/\/bemus-gewerbebau.de\/index.php\/wp-json\/wp\/v2\/types\/page"}],"author":[{"embeddable":true,"href":"https:\/\/bemus-gewerbebau.de\/index.php\/wp-json\/wp\/v2\/users\/1"}],"replies":[{"embeddable":true,"href":"https:\/\/bemus-gewerbebau.de\/index.php\/wp-json\/wp\/v2\/comments?post=16"}],"version-history":[{"count":1,"href":"https:\/\/bemus-gewerbebau.de\/index.php\/wp-json\/wp\/v2\/pages\/16\/revisions"}],"predecessor-version":[{"id":18,"href":"https:\/\/bemus-gewerbebau.de\/index.php\/wp-json\/wp\/v2\/pages\/16\/revisions\/18"}],"wp:attachment":[{"href":"https:\/\/bemus-gewerbebau.de\/index.php\/wp-json\/wp\/v2\/media?parent=16"}],"curies":[{"name":"wp","href":"https:\/\/api.w.org\/{rel}","templated":true}]}}