{"id":19,"date":"2024-06-18T11:38:45","date_gmt":"2024-06-18T11:38:45","guid":{"rendered":"https:\/\/bemus-gewerbebau.de\/?page_id=19"},"modified":"2024-06-22T16:52:43","modified_gmt":"2024-06-22T16:52:43","slug":"ein-immobilienlebenlang-auf-der-sicheren-seite","status":"publish","type":"page","link":"https:\/\/bemus-gewerbebau.de\/index.php\/ein-immobilienlebenlang-auf-der-sicheren-seite\/","title":{"rendered":"Ein Immobilien lebenlang auf der sicheren Seite"},"content":{"rendered":"\n<h3 class=\"wp-block-heading\">Als der Generalplaner f\u00fcr Ihre Industrie- und Gewerbebauten halten wir Ihnen den R\u00fccken frei und bringen Transparenz in alle Bereiche.<\/h3>\n\n\n\n<p>Ob kleiner Erweiterungsbau oder ein Betriebsgeb\u00e4ude mit High End Anspr\u00fcchen an die Geb\u00e4udetechnik. Jedes Bauprojekt stellt Sie als Bauherrn vor unz\u00e4hlige und weitreichende Entscheidungen: Welche Fachdienstleister ben\u00f6tigen Sie tats\u00e4chlich? Wer koordiniert und kontrolliert diese im Planungs- und Bauprozess? Welche Brandschutzma\u00dfnahmen werden gebraucht? Wer stimmt das Projekt mit den Beh\u00f6rden ab? Und wer beh\u00e4lt die Kosten und Termine im Blick?<\/p>\n\n\n\n<h3 class=\"wp-block-heading\">Vermittler zwischen Architekten, Baufirmen und Beh\u00f6rden<\/h3>\n\n\n\n<p>Mit \u00fcber 400 Referenzprojekten im Industrie- und Gewerbebau wissen wir genau, worauf es in jeder einzelnen Bauphase ankommt. Wir sorgen von Anfang an f\u00fcr den Erfolg Ihres Bauprojektes &#8211; mit vielen Vorteilen f\u00fcr Sie als Bauherrn:<\/p>\n\n\n\n<ul class=\"wp-block-list\">\n<li>erhebliche Einsparung in den Herstellungs- und Betriebskosten durch optimale Koordination aller Gewerke<\/li>\n\n\n\n<li>permanente Kostentransparenz<\/li>\n\n\n\n<li>Einhaltung aller gesetzlichen Bestimmungen<\/li>\n\n\n\n<li>bessere Gew\u00e4hrleistungstransparenz und optimierte Haftungsanspr\u00fcche<\/li>\n\n\n\n<li>kurze Entscheidungswege durch zentrale Koordination<\/li>\n\n\n\n<li>termingerechte, schnelle Fertigstellung<\/li>\n<\/ul>\n\n\n\n<h3 class=\"wp-block-heading\"><a href=\"https:\/\/www.bemus-gewerbebau.de\/nach-dem-bau#Brandschutz\">Brandschutz<\/a><\/h3>\n\n\n\n<p>Beispiel Brandschutz \u2013 ein komplexes Thema unter vielen<\/p>\n\n\n\n<p>ENEV, BIMSCH, Statik, Vermessung, Schallschutz, Brandschutz &#8211; jedes Bauvorhaben wartet mit einer Vielzahl von Teilgebieten auf. Allein beim Thema Brandschutz k\u00f6nnen zahlreiche Fachingenieure, Fachfirmen und Berater im Boot sein. Doch was braucht Ihr Industrie- und Gewerbebau wirklich? Die tats\u00e4chlichen Anforderungen an den Brandschutz er\u00f6rtern wir f\u00fcr Sie bereits in der Planungsphase \u2013 und koordinieren alle notwendigen Brandschutz-Bausteine wie:<\/p>\n\n\n\n<ul class=\"wp-block-list\">\n<li>RWA<\/li>\n\n\n\n<li>Feuerwehr<\/li>\n\n\n\n<li>Notbeleuchtung<\/li>\n\n\n\n<li>Architekt<\/li>\n\n\n\n<li>Brandmeldeanlage<\/li>\n\n\n\n<li>Baulicher Brandschutz<\/li>\n\n\n\n<li>Sachverst\u00e4ndiger<\/li>\n<\/ul>\n\n\n\n<h3 class=\"wp-block-heading\"><a href=\"https:\/\/www.bemus-gewerbebau.de\/nach-dem-bau#Immobilienbetrieb\">Immobilienbetrieb<\/a><\/h3>\n\n\n\n<p>Um eine langfristig optimale Nutzung zu gew\u00e4hrleisten, \u00fcbernehmen wir nach Abschluss der Bauarbeiten auf Wunsch das gesamte Geb\u00e4udemanagement. Die Basis hierf\u00fcr legen wir bereits w\u00e4hrend der Projektentwicklung. Von allen Gewerken fertigen wir umfangreiche Dokumentationen inklusive aller Gew\u00e4hrleistungsfristen an. Zus\u00e4tzlich speisen wir alle Baudaten ins System ein, so dass jedes Objekt komplett in 3 D aufgearbeitet vorliegt. So k\u00f6nnen wir Ihnen in Minutenschnelle alle wichtigen Geb\u00e4udedaten liefern, ob Fenster- oder Flurfl\u00e4che, M\u00f6bilierung oder Fluchtwegepl\u00e4ne.<\/p>\n","protected":false},"excerpt":{"rendered":"<p>Als der Generalplaner f\u00fcr Ihre Industrie- und Gewerbebauten halten wir Ihnen den R\u00fccken frei und bringen Transparenz in alle Bereiche. Ob kleiner Erweiterungsbau oder ein Betriebsgeb\u00e4ude mit High End Anspr\u00fcchen an die Geb\u00e4udetechnik. Jedes Bauprojekt stellt Sie als Bauherrn vor unz\u00e4hlige und weitreichende Entscheidungen: Welche Fachdienstleister ben\u00f6tigen Sie tats\u00e4chlich? Wer koordiniert und kontrolliert diese im [&hellip;]<\/p>\n","protected":false},"author":1,"featured_media":10,"parent":0,"menu_order":0,"comment_status":"closed","ping_status":"closed","template":"","meta":{"footnotes":""},"class_list":["post-19","page","type-page","status-publish","has-post-thumbnail","hentry"],"_links":{"self":[{"href":"https:\/\/bemus-gewerbebau.de\/index.php\/wp-json\/wp\/v2\/pages\/19","targetHints":{"allow":["GET"]}}],"collection":[{"href":"https:\/\/bemus-gewerbebau.de\/index.php\/wp-json\/wp\/v2\/pages"}],"about":[{"href":"https:\/\/bemus-gewerbebau.de\/index.php\/wp-json\/wp\/v2\/types\/page"}],"author":[{"embeddable":true,"href":"https:\/\/bemus-gewerbebau.de\/index.php\/wp-json\/wp\/v2\/users\/1"}],"replies":[{"embeddable":true,"href":"https:\/\/bemus-gewerbebau.de\/index.php\/wp-json\/wp\/v2\/comments?post=19"}],"version-history":[{"count":2,"href":"https:\/\/bemus-gewerbebau.de\/index.php\/wp-json\/wp\/v2\/pages\/19\/revisions"}],"predecessor-version":[{"id":168,"href":"https:\/\/bemus-gewerbebau.de\/index.php\/wp-json\/wp\/v2\/pages\/19\/revisions\/168"}],"wp:featuredmedia":[{"embeddable":true,"href":"https:\/\/bemus-gewerbebau.de\/index.php\/wp-json\/wp\/v2\/media\/10"}],"wp:attachment":[{"href":"https:\/\/bemus-gewerbebau.de\/index.php\/wp-json\/wp\/v2\/media?parent=19"}],"curies":[{"name":"wp","href":"https:\/\/api.w.org\/{rel}","templated":true}]}}