{"id":21,"date":"2024-06-18T11:39:17","date_gmt":"2024-06-18T11:39:17","guid":{"rendered":"https:\/\/bemus-gewerbebau.de\/?page_id=21"},"modified":"2025-03-01T18:07:51","modified_gmt":"2025-03-01T17:07:51","slug":"impressum","status":"publish","type":"page","link":"https:\/\/bemus-gewerbebau.de\/index.php\/impressum\/","title":{"rendered":"Impressum"},"content":{"rendered":"\n<h3 class=\"wp-block-heading\">Herausgeber<\/h3>\n\n\n\n<p>Bemus GmbH&nbsp;<br>Rheinstra\u00dfe 3&nbsp;<br>56281 Karbach<\/p>\n\n\n\n<p>t \u2014 +49 (0) 6747 944 66 40<br>f \u2014 +49 (0) 6747 944 66 44<br><br><a href=\"mailto:info@bemus-gewerbebau.de\">E-Mail schreiben<\/a><\/p>\n\n\n\n<p>Eintrag Architektenliste der Architektenkammer Rheinland-Pfalz: AK 16166<\/p>\n\n\n\n<h3 class=\"wp-block-heading\">Zust\u00e4ndige Kammer:<\/h3>\n\n\n\n<p>Architektenkammer Rheinland-Pfalz, Hindenburgplatz 6, 55118 Mainz<\/p>\n\n\n\n<h3 class=\"wp-block-heading\">Berufsbezeichnung:<\/h3>\n\n\n\n<p>Architekt (verliehen in der Bundesrepublik Deutschland) nach Architektengesetz Rheinland-Pfalz (ArchG)<\/p>\n\n\n\n<h3 class=\"wp-block-heading\">Berufsrechtliche Regelungen:<\/h3>\n\n\n\n<p>Satzung \u00fcber eine Berufsordnung der Architektenkammer Rheinland-Pfalz&nbsp;<a href=\"http:\/\/www.diearchitekten.org\/\" target=\"_blank\" rel=\"noreferrer noopener\">www.diearchitekten.org<\/a><\/p>\n\n\n\n<h3 class=\"wp-block-heading\">UStIDNr.:<\/h3>\n\n\n\n<p>DE 205253477<\/p>\n\n\n\n<h3 class=\"wp-block-heading\">Inhaltlich Verantwortlicher:<\/h3>\n\n\n\n<p>Andreas Muster<\/p>\n\n\n\n<h4 class=\"wp-block-heading\">Online-Streitbeilegung<\/h4>\n\n\n\n<p>Online-Streitbeilegung gem\u00e4\u00df Art. 14 Abs. 1 ODR-VO: Die Europ\u00e4ische Kommission stellt eine Plattform zur Online-Streitbeilegung (OS) bereit, die Sie hier finden&nbsp;&nbsp;<a href=\"http:\/\/ec.europa.eu\/consumers\/odr\/\" target=\"_blank\" rel=\"noreferrer noopener\">http:\/\/ec.europa.eu\/consumers\/odr\/<\/a>&nbsp;.<\/p>\n\n\n\n<h4 class=\"wp-block-heading\">Haftungshinweis<\/h4>\n\n\n\n<p>Trotz sorgf\u00e4ltiger inhaltlicher Kontrolle \u00fcbernehmen wir keine Haftung f\u00fcr die Inhalte externer Links. F\u00fcr den Inhalt der verlinkten Seiten sind ausschlie\u00dflich deren Betreiber verantwortlich.<\/p>\n","protected":false},"excerpt":{"rendered":"<p>Herausgeber Bemus GmbH&nbsp;Rheinstra\u00dfe 3&nbsp;56281 Karbach t \u2014 +49 (0) 6747 944 66 40f \u2014 +49 (0) 6747 944 66 44 E-Mail schreiben Eintrag Architektenliste der Architektenkammer Rheinland-Pfalz: AK 16166 Zust\u00e4ndige Kammer: Architektenkammer Rheinland-Pfalz, Hindenburgplatz 6, 55118 Mainz Berufsbezeichnung: Architekt (verliehen in der Bundesrepublik Deutschland) nach Architektengesetz Rheinland-Pfalz (ArchG) Berufsrechtliche Regelungen: Satzung \u00fcber eine Berufsordnung der [&hellip;]<\/p>\n","protected":false},"author":1,"featured_media":0,"parent":0,"menu_order":0,"comment_status":"closed","ping_status":"closed","template":"","meta":{"footnotes":""},"class_list":["post-21","page","type-page","status-publish","hentry"],"_links":{"self":[{"href":"https:\/\/bemus-gewerbebau.de\/index.php\/wp-json\/wp\/v2\/pages\/21","targetHints":{"allow":["GET"]}}],"collection":[{"href":"https:\/\/bemus-gewerbebau.de\/index.php\/wp-json\/wp\/v2\/pages"}],"about":[{"href":"https:\/\/bemus-gewerbebau.de\/index.php\/wp-json\/wp\/v2\/types\/page"}],"author":[{"embeddable":true,"href":"https:\/\/bemus-gewerbebau.de\/index.php\/wp-json\/wp\/v2\/users\/1"}],"replies":[{"embeddable":true,"href":"https:\/\/bemus-gewerbebau.de\/index.php\/wp-json\/wp\/v2\/comments?post=21"}],"version-history":[{"count":3,"href":"https:\/\/bemus-gewerbebau.de\/index.php\/wp-json\/wp\/v2\/pages\/21\/revisions"}],"predecessor-version":[{"id":250,"href":"https:\/\/bemus-gewerbebau.de\/index.php\/wp-json\/wp\/v2\/pages\/21\/revisions\/250"}],"wp:attachment":[{"href":"https:\/\/bemus-gewerbebau.de\/index.php\/wp-json\/wp\/v2\/media?parent=21"}],"curies":[{"name":"wp","href":"https:\/\/api.w.org\/{rel}","templated":true}]}}