{"id":23,"date":"2024-06-18T11:39:53","date_gmt":"2024-06-18T11:39:53","guid":{"rendered":"https:\/\/bemus-gewerbebau.de\/?page_id=23"},"modified":"2024-06-22T16:54:20","modified_gmt":"2024-06-22T16:54:20","slug":"ingenieurbuero-fuer-industrie-und-gewerbebauten","status":"publish","type":"page","link":"https:\/\/bemus-gewerbebau.de\/index.php\/ingenieurbuero-fuer-industrie-und-gewerbebauten\/","title":{"rendered":"Ingenieurb\u00fcro f\u00fcr Industrie- und Gewerbebauten"},"content":{"rendered":"\n<h3 class=\"wp-block-heading\">Als Ingenieurb\u00fcro sind wir weit mehr als Ihre Planer. Wir verstehen uns als zentrale Koordinatoren, die aus Ihrem Immobilienprojekt das Optimale machen.<\/h3>\n\n\n\n<p>Dank unserer Spezialisierung kennen wir die Anforderungen von Industrie- und Gewerbebauten sehr genau. Ein Wissen, von dem Sie \u00fcber den gesamten Lebenszyklus Ihrer Immobilie profitieren. Als zentrale Projektsteuerer sagen wir Ihnen, was f\u00fcr die Entwicklung und Vermarktung Ihrer bedarfsgerechten Immobilie relevant ist, welche Leistungen Sie tats\u00e4chlich brauchen und wo sich Prozesse optimieren lassen \u2013 ob in der Bauphase oder in der Verwaltung. Wir kennen alle Details \u2013 und auch die T\u00fccken. Und setzen uns mit viel Engagement und Leidenschaft f\u00fcr die beste L\u00f6sung ein.<\/p>\n\n\n\n<p>Verschaffen Sie sich einen \u00dcberblick \u00fcber unsere vielseitigen Leistungen und Projekte. Sie alle haben uns vor die unterschiedlichsten Herausforderungen gestellt. In die wir uns immer wieder mit viel Engagement eingearbeitet und die wir so umgesetzt haben, dass viele Kunden uns seit mehr als 20 Jahren begleiten. F\u00fcr uns der beste Beweis f\u00fcr Qualit\u00e4t.<\/p>\n","protected":false},"excerpt":{"rendered":"<p>Als Ingenieurb\u00fcro sind wir weit mehr als Ihre Planer. Wir verstehen uns als zentrale Koordinatoren, die aus Ihrem Immobilienprojekt das Optimale machen. Dank unserer Spezialisierung kennen wir die Anforderungen von Industrie- und Gewerbebauten sehr genau. Ein Wissen, von dem Sie \u00fcber den gesamten Lebenszyklus Ihrer Immobilie profitieren. Als zentrale Projektsteuerer sagen wir Ihnen, was f\u00fcr [&hellip;]<\/p>\n","protected":false},"author":1,"featured_media":14,"parent":0,"menu_order":0,"comment_status":"closed","ping_status":"closed","template":"","meta":{"footnotes":""},"class_list":["post-23","page","type-page","status-publish","has-post-thumbnail","hentry"],"_links":{"self":[{"href":"https:\/\/bemus-gewerbebau.de\/index.php\/wp-json\/wp\/v2\/pages\/23","targetHints":{"allow":["GET"]}}],"collection":[{"href":"https:\/\/bemus-gewerbebau.de\/index.php\/wp-json\/wp\/v2\/pages"}],"about":[{"href":"https:\/\/bemus-gewerbebau.de\/index.php\/wp-json\/wp\/v2\/types\/page"}],"author":[{"embeddable":true,"href":"https:\/\/bemus-gewerbebau.de\/index.php\/wp-json\/wp\/v2\/users\/1"}],"replies":[{"embeddable":true,"href":"https:\/\/bemus-gewerbebau.de\/index.php\/wp-json\/wp\/v2\/comments?post=23"}],"version-history":[{"count":1,"href":"https:\/\/bemus-gewerbebau.de\/index.php\/wp-json\/wp\/v2\/pages\/23\/revisions"}],"predecessor-version":[{"id":24,"href":"https:\/\/bemus-gewerbebau.de\/index.php\/wp-json\/wp\/v2\/pages\/23\/revisions\/24"}],"wp:featuredmedia":[{"embeddable":true,"href":"https:\/\/bemus-gewerbebau.de\/index.php\/wp-json\/wp\/v2\/media\/14"}],"wp:attachment":[{"href":"https:\/\/bemus-gewerbebau.de\/index.php\/wp-json\/wp\/v2\/media?parent=23"}],"curies":[{"name":"wp","href":"https:\/\/api.w.org\/{rel}","templated":true}]}}